{"id":37348,"date":"2021-02-18T12:03:37","date_gmt":"2021-02-18T12:03:37","guid":{"rendered":"https:\/\/livepicinisco.com\/history\/"},"modified":"2021-08-03T08:04:10","modified_gmt":"2021-08-03T08:04:10","slug":"storia","status":"publish","type":"page","link":"https:\/\/livepicinisco.com\/it\/storia\/","title":{"rendered":"Storia"},"content":{"rendered":"<p>[vc_row][vc_column]<div id=\"ultimate-heading-5216a096ab3c0bdc\" class=\"uvc-heading ult-adjust-bottom-margin ultimate-heading-5216a096ab3c0bdc uvc-8701 \" data-hspacer=\"no_spacer\"  data-halign=\"center\" style=\"text-align:center\"><div class=\"uvc-heading-spacer no_spacer\" style=\"top\"><\/div><div class=\"uvc-main-heading ult-responsive\"  data-ultimate-target='.uvc-heading.ultimate-heading-5216a096ab3c0bdc h2'  data-responsive-json-new='{\"font-size\":\"desktop:60px;\",\"line-height\":\"desktop:36px;\"}' ><h2 style=\"font-weight:bold;color:#32abff;margin-top:50px;margin-bottom:20px;\">Storia<\/h2><\/div><\/div>[\/vc_column][\/vc_row][vc_row css=&#8221;.vc_custom_1613734715567{padding-top: 70px !important;}&#8221;][vc_column width=&#8221;1\/3&#8243;][vc_single_image image=&#8221;36944&#8243; img_size=&#8221;full&#8221; alignment=&#8221;center&#8221; lazy_loading=&#8221;true&#8221; css=&#8221;.vc_custom_1627044573453{margin-top: 15px !important;margin-bottom: 30px !important;}&#8221;][\/vc_column][vc_column width=&#8221;2\/3&#8243;][vc_column_text css=&#8221;.vc_custom_1627977841120{padding-top: 10px !important;}&#8221;]Picinisco \u00e8 un piccolo comune del territorio della Valle Di Comino in provincia di Frosinone, nella regione Lazio. Si trova tra i comuni di Cassino e Sora, arroccato in alto, dominando tutta la Valle di Comino. La vista \u00e8 spettacolare.<\/p>\n<p>I 62 chilometri di strade e il grande territorio di Picinisco (il secondo pi\u00f9 grande del Lazio) fanno parte del Parco Nazionale d&#8217;Abruzzo, votato da Lonely Planet nel 2011 come uno dei cinque migliori parchi nazionali d&#8217;Europa.<\/p>\n<p>Mentre le origini di Picinisco sono incerte, quello che \u00e8 certo \u00e8 che la prima testimonianza scritta del nome del piccolo comune, si trova in un documento del 1017 d.C. e la prima testimonianza che fa riferimento al Castello risale al 1054 d.C. \u00a0Il Castello fu seguito dalla costruzione del Campanile all&#8217;inizio del XIII secolo, adiacente alla Chiesa di San Lorenzo, che verr\u00e0 costruita successivamente nel 1305. La Chiesa di Santa Maria al Cimitero fu menzionata nei registri di Monte Cassino nel 1110 d.C. e ulteriori prove archeologiche dimostrano che questo era un luogo per le offerte votive dei Romani prima della nascita di Cristo. Le prime abitazioni di Picinisco e dintorni, scoperte da Don Dionigi Antonelli, si trovano nella frazione oggi nota come Immoglie, anticamente chiamata San Valentino e distrutta dai Saraceni prima dell&#8217;894.<\/p>\n<p>Il villaggio era una citt\u00e0 circondata da mura, fortificata per la sua protezione in epoca medievale. La maggior parte degli edifici del centro storico sono datati dal 1700 al 1900. Parti delle mura di fortificazione originali del 1000 d.C. rimangono in uso in un certo numero di edifici, tra cui l&#8217;Hotel &#8220;Sotto Le Stelle&#8221;. Le porte delle mura possono essere viste intorno al paese.[\/vc_column_text][\/vc_column][\/vc_row][vc_row css=&#8221;.vc_custom_1613734740638{margin-top: 50px !important;}&#8221;][vc_column][vc_single_image image=&#8221;888&#8243; img_size=&#8221;medium&#8221; alignment=&#8221;center&#8221; css=&#8221;.vc_custom_1613649448468{margin-top: 50px !important;margin-bottom: 20px !important;}&#8221;]<div id=\"ultimate-heading-63766a096ab3c0c25\" class=\"uvc-heading ult-adjust-bottom-margin ultimate-heading-63766a096ab3c0c25 uvc-6589 \" data-hspacer=\"no_spacer\"  data-halign=\"left\" style=\"text-align:left\"><div class=\"uvc-heading-spacer no_spacer\" style=\"top\"><\/div><div class=\"uvc-main-heading ult-responsive\"  data-ultimate-target='.uvc-heading.ultimate-heading-63766a096ab3c0c25 h2'  data-responsive-json-new='{\"font-size\":\"desktop:36px;\",\"line-height\":\"\"}' ><h2 style=\"font-weight:bold;color:#103d94;margin-top:20px;margin-bottom:20px;\">Picinisco ha Cinque Porte<\/h2><\/div><div class=\"uvc-sub-heading ult-responsive\"  data-ultimate-target='.uvc-heading.ultimate-heading-63766a096ab3c0c25 .uvc-sub-heading '  data-responsive-json-new='{\"font-size\":\"\",\"line-height\":\"\"}'  style=\"font-weight:normal;margin-bottom:20px;\"><\/p>\n<ul>\n<li><strong><span style=\"color: #32abff;\">Porta della Prece <\/span><\/strong>(la porta della preghiera), costruita nel 1711, come si pu\u00f2 vedere dalla data impressa sulla chiave di volta dell&#8217;arco, dove si trova l&#8217;Hotel Sotto Le Stelle;<\/li>\n<li><strong><span style=\"color: #32abff;\">Porta Saracena<\/span><\/strong> situata in Via Porta Saracena. Questo era un tempo l&#8217;unico punto di ingresso dalla Val di Comino a Picinisco;<\/li>\n<li><strong><span style=\"color: #32abff;\">Porta Codarda<\/span><\/strong>, situata nella parte nord-ovest delle mura;<\/li>\n<li><strong><span style=\"color: #32abff;\">Porta Rione<\/span><\/strong>, situata a sud-est, accessibile dal Parco Montano. Su entrambi i lati si trovano le torri del castello;<\/li>\n<li><strong><span style=\"color: #32abff;\">Porta della Piazza<\/span><\/strong>, che conduce alla piazza (oggi chiamata Piazza Ernesto Capocci) \u00e8 costruita nella sua forma attuale nel 1838.<\/li>\n<\/ul>\n<p>Dalle montagne di Picinisco si estraeva nell&#8217;antichit\u00e0 il ferro nell&#8217;antichit\u00e0, insieme all&#8217;argento e al rame. Il ferro veniva ancora estratto a met\u00e0 del XIX secolo, quando la carta prodotta dal mulino Bartolomucci Visocchi a Borgo Castellone era famosa in tutta Europa. Tuttavia, come in tutta l&#8217;Europa centrale e meridionale, l&#8217;emigrazione port\u00f2 milioni di persone a lasciare le loro case durante il 19\u00b0 e l&#8217;inizio del 20\u00b0 secolo. Gli abitanti di Picinisco e di molti altri paesi della Valle di Comino si trovarono a seguire le tracce delle relazioni commerciali e iniziarono a viaggiare verso l&#8217;Inghilterra, l&#8217;America, il Belgio e la Scozia, senza tuttavia dimenticare la via di casa. Ancora oggi, migliaia di persone ritornano per vacanze, matrimoni e battesimi.<\/p>\n<p>Oggi, Picinisco \u00e8 piena di turisti nei miti mesi estivi ed \u00e8 un luogo dove si pu\u00f2 sfuggire al caldo opprimente della valle e dove ritirarsi per godere delle notti di aria fresca di montagna. C&#8217;\u00e8 lo sci nei mesi invernali, la raccolta di funghi, la caccia al tartufo, la caccia al cinghiale e meravigliose passeggiate in collina e molte altre attivit\u00e0 da praticare.<\/div><\/div>[\/vc_column][\/vc_row]<\/p>\n","protected":false},"excerpt":{"rendered":"<p>[vc_row][vc_column][\/vc_column][\/vc_row][vc_row css=&#8221;.vc_custom_1613734715567{padding-top: 70px !important;}&#8221;][vc_column width=&#8221;1\/3&#8243;][vc_single_image image=&#8221;36944&#8243; img_size=&#8221;full&#8221; alignment=&#8221;center&#8221; lazy_loading=&#8221;true&#8221; css=&#8221;.vc_custom_1627044573453{margin-top: 15px !important;margin-bottom: 30px !important;}&#8221;][\/vc_column][vc_column width=&#8221;2\/3&#8243;][vc_column_text css=&#8221;.vc_custom_1627977841120{padding-top: 10px !important;}&#8221;]Picinisco \u00e8 un piccolo comune del territorio della Valle Di Comino in provincia di Frosinone, nella regione Lazio. Si trova tra i comuni di Cassino e Sora, arroccato in alto, dominando tutta la Valle di Comino. La vista&hellip;<\/p>\n","protected":false},"author":2,"featured_media":0,"parent":0,"menu_order":0,"comment_status":"closed","ping_status":"closed","template":"","meta":{"_coblocks_attr":"","_coblocks_dimensions":"","_coblocks_responsive_height":"","_coblocks_accordion_ie_support":"","footnotes":""},"class_list":["post-37348","page","type-page","status-publish","hentry","description-off"],"yoast_head":"<!-- This site is optimized with the Yoast SEO plugin v27.6 - https:\/\/yoast.com\/product\/yoast-seo-wordpress\/ -->\n<title>Storia - LivePicinisco<\/title>\n<meta name=\"robots\" content=\"index, follow, max-snippet:-1, max-image-preview:large, max-video-preview:-1\" \/>\n<link rel=\"canonical\" href=\"https:\/\/livepicinisco.com\/it\/storia\/\" \/>\n<meta property=\"og:locale\" content=\"it_IT\" \/>\n<meta property=\"og:type\" content=\"article\" \/>\n<meta property=\"og:title\" content=\"Storia - LivePicinisco\" \/>\n<meta property=\"og:description\" content=\"[vc_row][vc_column][\/vc_column][\/vc_row][vc_row css=&#8221;.vc_custom_1613734715567{padding-top: 70px !important;}&#8221;][vc_column width=&#8221;1\/3&#8243;][vc_single_image image=&#8221;36944&#8243; img_size=&#8221;full&#8221; alignment=&#8221;center&#8221; lazy_loading=&#8221;true&#8221; css=&#8221;.vc_custom_1627044573453{margin-top: 15px !important;margin-bottom: 30px !important;}&#8221;][\/vc_column][vc_column width=&#8221;2\/3&#8243;][vc_column_text css=&#8221;.vc_custom_1627977841120{padding-top: 10px !important;}&#8221;]Picinisco \u00e8 un piccolo comune del territorio della Valle Di Comino in provincia di Frosinone, nella regione Lazio. Si trova tra i comuni di Cassino e Sora, arroccato in alto, dominando tutta la Valle di Comino. La vista&hellip;\" \/>\n<meta property=\"og:url\" content=\"https:\/\/livepicinisco.com\/it\/storia\/\" \/>\n<meta property=\"og:site_name\" content=\"LivePicinisco\" \/>\n<meta property=\"article:modified_time\" content=\"2021-08-03T08:04:10+00:00\" \/>\n<meta name=\"twitter:card\" content=\"summary_large_image\" \/>\n<meta name=\"twitter:label1\" content=\"Tempo di lettura stimato\" \/>\n\t<meta name=\"twitter:data1\" content=\"3 minuti\" \/>\n<script type=\"application\/ld+json\" class=\"yoast-schema-graph\">{\"@context\":\"https:\\\/\\\/schema.org\",\"@graph\":[{\"@type\":\"WebPage\",\"@id\":\"https:\\\/\\\/livepicinisco.com\\\/it\\\/storia\\\/\",\"url\":\"https:\\\/\\\/livepicinisco.com\\\/it\\\/storia\\\/\",\"name\":\"Storia - LivePicinisco\",\"isPartOf\":{\"@id\":\"https:\\\/\\\/livepicinisco.com\\\/#website\"},\"datePublished\":\"2021-02-18T12:03:37+00:00\",\"dateModified\":\"2021-08-03T08:04:10+00:00\",\"breadcrumb\":{\"@id\":\"https:\\\/\\\/livepicinisco.com\\\/it\\\/storia\\\/#breadcrumb\"},\"inLanguage\":\"it-IT\",\"potentialAction\":[{\"@type\":\"ReadAction\",\"target\":[\"https:\\\/\\\/livepicinisco.com\\\/it\\\/storia\\\/\"]}]},{\"@type\":\"BreadcrumbList\",\"@id\":\"https:\\\/\\\/livepicinisco.com\\\/it\\\/storia\\\/#breadcrumb\",\"itemListElement\":[{\"@type\":\"ListItem\",\"position\":1,\"name\":\"Home\",\"item\":\"https:\\\/\\\/livepicinisco.com\\\/it\\\/\"},{\"@type\":\"ListItem\",\"position\":2,\"name\":\"Storia\"}]},{\"@type\":\"WebSite\",\"@id\":\"https:\\\/\\\/livepicinisco.com\\\/#website\",\"url\":\"https:\\\/\\\/livepicinisco.com\\\/\",\"name\":\"LivePicinisco\",\"description\":\"\",\"publisher\":{\"@id\":\"https:\\\/\\\/livepicinisco.com\\\/#organization\"},\"potentialAction\":[{\"@type\":\"SearchAction\",\"target\":{\"@type\":\"EntryPoint\",\"urlTemplate\":\"https:\\\/\\\/livepicinisco.com\\\/?s={search_term_string}\"},\"query-input\":{\"@type\":\"PropertyValueSpecification\",\"valueRequired\":true,\"valueName\":\"search_term_string\"}}],\"inLanguage\":\"it-IT\"},{\"@type\":\"Organization\",\"@id\":\"https:\\\/\\\/livepicinisco.com\\\/#organization\",\"name\":\"LivePicinisco\",\"url\":\"https:\\\/\\\/livepicinisco.com\\\/\",\"logo\":{\"@type\":\"ImageObject\",\"inLanguage\":\"it-IT\",\"@id\":\"https:\\\/\\\/livepicinisco.com\\\/#\\\/schema\\\/logo\\\/image\\\/\",\"url\":\"https:\\\/\\\/livepicinisco.com\\\/wp-content\\\/uploads\\\/2021\\\/06\\\/live-picinisco-logo.png\",\"contentUrl\":\"https:\\\/\\\/livepicinisco.com\\\/wp-content\\\/uploads\\\/2021\\\/06\\\/live-picinisco-logo.png\",\"width\":210,\"height\":45,\"caption\":\"LivePicinisco\"},\"image\":{\"@id\":\"https:\\\/\\\/livepicinisco.com\\\/#\\\/schema\\\/logo\\\/image\\\/\"}}]}<\/script>\n<!-- \/ Yoast SEO plugin. -->","yoast_head_json":{"title":"Storia - LivePicinisco","robots":{"index":"index","follow":"follow","max-snippet":"max-snippet:-1","max-image-preview":"max-image-preview:large","max-video-preview":"max-video-preview:-1"},"canonical":"https:\/\/livepicinisco.com\/it\/storia\/","og_locale":"it_IT","og_type":"article","og_title":"Storia - LivePicinisco","og_description":"[vc_row][vc_column][\/vc_column][\/vc_row][vc_row css=&#8221;.vc_custom_1613734715567{padding-top: 70px !important;}&#8221;][vc_column width=&#8221;1\/3&#8243;][vc_single_image image=&#8221;36944&#8243; img_size=&#8221;full&#8221; alignment=&#8221;center&#8221; lazy_loading=&#8221;true&#8221; css=&#8221;.vc_custom_1627044573453{margin-top: 15px !important;margin-bottom: 30px !important;}&#8221;][\/vc_column][vc_column width=&#8221;2\/3&#8243;][vc_column_text css=&#8221;.vc_custom_1627977841120{padding-top: 10px !important;}&#8221;]Picinisco \u00e8 un piccolo comune del territorio della Valle Di Comino in provincia di Frosinone, nella regione Lazio. Si trova tra i comuni di Cassino e Sora, arroccato in alto, dominando tutta la Valle di Comino. La vista&hellip;","og_url":"https:\/\/livepicinisco.com\/it\/storia\/","og_site_name":"LivePicinisco","article_modified_time":"2021-08-03T08:04:10+00:00","twitter_card":"summary_large_image","twitter_misc":{"Tempo di lettura stimato":"3 minuti"},"schema":{"@context":"https:\/\/schema.org","@graph":[{"@type":"WebPage","@id":"https:\/\/livepicinisco.com\/it\/storia\/","url":"https:\/\/livepicinisco.com\/it\/storia\/","name":"Storia - LivePicinisco","isPartOf":{"@id":"https:\/\/livepicinisco.com\/#website"},"datePublished":"2021-02-18T12:03:37+00:00","dateModified":"2021-08-03T08:04:10+00:00","breadcrumb":{"@id":"https:\/\/livepicinisco.com\/it\/storia\/#breadcrumb"},"inLanguage":"it-IT","potentialAction":[{"@type":"ReadAction","target":["https:\/\/livepicinisco.com\/it\/storia\/"]}]},{"@type":"BreadcrumbList","@id":"https:\/\/livepicinisco.com\/it\/storia\/#breadcrumb","itemListElement":[{"@type":"ListItem","position":1,"name":"Home","item":"https:\/\/livepicinisco.com\/it\/"},{"@type":"ListItem","position":2,"name":"Storia"}]},{"@type":"WebSite","@id":"https:\/\/livepicinisco.com\/#website","url":"https:\/\/livepicinisco.com\/","name":"LivePicinisco","description":"","publisher":{"@id":"https:\/\/livepicinisco.com\/#organization"},"potentialAction":[{"@type":"SearchAction","target":{"@type":"EntryPoint","urlTemplate":"https:\/\/livepicinisco.com\/?s={search_term_string}"},"query-input":{"@type":"PropertyValueSpecification","valueRequired":true,"valueName":"search_term_string"}}],"inLanguage":"it-IT"},{"@type":"Organization","@id":"https:\/\/livepicinisco.com\/#organization","name":"LivePicinisco","url":"https:\/\/livepicinisco.com\/","logo":{"@type":"ImageObject","inLanguage":"it-IT","@id":"https:\/\/livepicinisco.com\/#\/schema\/logo\/image\/","url":"https:\/\/livepicinisco.com\/wp-content\/uploads\/2021\/06\/live-picinisco-logo.png","contentUrl":"https:\/\/livepicinisco.com\/wp-content\/uploads\/2021\/06\/live-picinisco-logo.png","width":210,"height":45,"caption":"LivePicinisco"},"image":{"@id":"https:\/\/livepicinisco.com\/#\/schema\/logo\/image\/"}}]}},"_links":{"self":[{"href":"https:\/\/livepicinisco.com\/it\/wp-json\/wp\/v2\/pages\/37348","targetHints":{"allow":["GET"]}}],"collection":[{"href":"https:\/\/livepicinisco.com\/it\/wp-json\/wp\/v2\/pages"}],"about":[{"href":"https:\/\/livepicinisco.com\/it\/wp-json\/wp\/v2\/types\/page"}],"author":[{"embeddable":true,"href":"https:\/\/livepicinisco.com\/it\/wp-json\/wp\/v2\/users\/2"}],"replies":[{"embeddable":true,"href":"https:\/\/livepicinisco.com\/it\/wp-json\/wp\/v2\/comments?post=37348"}],"version-history":[{"count":2,"href":"https:\/\/livepicinisco.com\/it\/wp-json\/wp\/v2\/pages\/37348\/revisions"}],"predecessor-version":[{"id":37350,"href":"https:\/\/livepicinisco.com\/it\/wp-json\/wp\/v2\/pages\/37348\/revisions\/37350"}],"wp:attachment":[{"href":"https:\/\/livepicinisco.com\/it\/wp-json\/wp\/v2\/media?parent=37348"}],"curies":[{"name":"wp","href":"https:\/\/api.w.org\/{rel}","templated":true}]}}